{"id":727,"date":"2021-10-05T21:07:56","date_gmt":"2021-10-05T14:07:56","guid":{"rendered":"https:\/\/cuonglongglass.vn\/?post_type=product&#038;p=727"},"modified":"2021-10-19T11:19:00","modified_gmt":"2021-10-19T04:19:00","slug":"kinh-phan-quang","status":"publish","type":"product","link":"https:\/\/cuonglongglass.vn\/en\/san-pham\/kinh-phan-quang\/","title":{"rendered":"Reflective Glass"},"content":{"rendered":"<p class=\"qtranxs-available-languages-message qtranxs-available-languages-message-en\">Sorry, this entry is only available in <a href=\"https:\/\/cuonglongglass.vn\/vi\/wp-json\/wp\/v2\/product\/727\" class=\"qtranxs-available-language-link qtranxs-available-language-link-vi\" title=\"Ti\u1ebfng Vi\u1ec7t\">Ti\u1ebfng Vi\u1ec7t<\/a>.<\/p>","protected":false},"excerpt":{"rendered":"<p class=\"qtranxs-available-languages-message qtranxs-available-languages-message-en\">Sorry, this entry is only available in <a href=\"https:\/\/cuonglongglass.vn\/vi\/wp-json\/wp\/v2\/product\/727\" class=\"qtranxs-available-language-link qtranxs-available-language-link-vi\" title=\"Ti\u1ebfng Vi\u1ec7t\">Ti\u1ebfng Vi\u1ec7t<\/a>.<\/p>\n","protected":false},"featured_media":799,"template":"","meta":{"_acf_changed":false},"product_brand":[],"product_cat":[15],"product_tag":[],"class_list":{"0":"post-727","1":"product","2":"type-product","3":"status-publish","4":"has-post-thumbnail","6":"product_cat-san-pham","8":"first","9":"instock","10":"featured","11":"shipping-taxable","12":"product-type-simple"},"acf":[],"yoast_head":"<!-- This site is optimized with the Yoast SEO plugin v27.4 - https:\/\/yoast.com\/product\/yoast-seo-wordpress\/ -->\n<title>Reflective Glass - Cuong Long Glass Company<\/title>\n<meta name=\"robots\" content=\"index, follow, max-snippet:-1, max-image-preview:large, max-video-preview:-1\" \/>\n<link rel=\"canonical\" href=\"https:\/\/cuonglongglass.vn\/san-pham\/kinh-phan-quang\/\" \/>\n<meta property=\"og:locale\" content=\"en_US\" \/>\n<meta property=\"og:type\" content=\"article\" \/>\n<meta property=\"og:title\" content=\"Reflective Glass - Cuong Long Glass Company\" \/>\n<meta property=\"og:description\" content=\"(Ti\u1ebfng Vi\u1ec7t) K\u00ednh ph\u1ea3n quang \u0111\u01b0\u1ee3c bi\u1ebft \u0111\u1ebfn l\u00e0 lo\u1ea1i k\u00ednh \u0111\u01b0\u1ee3c ph\u1ee7 l\u00ean tr\u00ean b\u1ec1 m\u1eb7t c\u1ee7a t\u1ea5m k\u00ednh m\u1ed9t lo\u1ea1i h\u00f3a ch\u1ea5t \u0111\u1eb7c bi\u1ec7t v\u00e0 c\u00f3 t\u00ednh n\u0103ng ph\u1ea3n x\u1ea1 \u00e1nh s\u00e1ng\" \/>\n<meta property=\"og:url\" content=\"https:\/\/cuonglongglass.vn\/san-pham\/kinh-phan-quang\/\" \/>\n<meta property=\"og:site_name\" content=\"Cuong Long Glass Company\" \/>\n<meta property=\"article:modified_time\" content=\"2021-10-19T04:19:00+00:00\" \/>\n<meta property=\"og:image\" content=\"https:\/\/cuonglongglass.vn\/wp-content\/uploads\/2021\/10\/kinh-phan-quang.jpg\" \/>\n\t<meta property=\"og:image:width\" content=\"900\" \/>\n\t<meta property=\"og:image:height\" content=\"600\" \/>\n\t<meta property=\"og:image:type\" content=\"image\/jpeg\" \/>\n<meta name=\"twitter:card\" content=\"summary_large_image\" \/>\n<meta name=\"twitter:label1\" content=\"Est. reading time\" \/>\n\t<meta name=\"twitter:data1\" content=\"4 minutes\" \/>\n<script type=\"application\/ld+json\" class=\"yoast-schema-graph\">{\"@context\":\"https:\\\/\\\/schema.org\",\"@graph\":[{\"@type\":\"WebPage\",\"@id\":\"https:\\\/\\\/cuonglongglass.vn\\\/san-pham\\\/kinh-phan-quang\\\/\",\"url\":\"https:\\\/\\\/cuonglongglass.vn\\\/san-pham\\\/kinh-phan-quang\\\/\",\"name\":\"[:vi]K\u00ednh Ph\u1ea3n Quang[:en]Reflective Glass[:] - Cuong Long Glass Company\",\"isPartOf\":{\"@id\":\"https:\\\/\\\/cuonglongglass.vn\\\/#website\"},\"primaryImageOfPage\":{\"@id\":\"https:\\\/\\\/cuonglongglass.vn\\\/san-pham\\\/kinh-phan-quang\\\/#primaryimage\"},\"image\":{\"@id\":\"https:\\\/\\\/cuonglongglass.vn\\\/san-pham\\\/kinh-phan-quang\\\/#primaryimage\"},\"thumbnailUrl\":\"https:\\\/\\\/cuonglongglass.vn\\\/wp-content\\\/uploads\\\/2021\\\/10\\\/kinh-phan-quang.jpg\",\"datePublished\":\"2021-10-05T14:07:56+00:00\",\"dateModified\":\"2021-10-19T04:19:00+00:00\",\"breadcrumb\":{\"@id\":\"https:\\\/\\\/cuonglongglass.vn\\\/san-pham\\\/kinh-phan-quang\\\/#breadcrumb\"},\"inLanguage\":\"en-US\",\"potentialAction\":[{\"@type\":\"ReadAction\",\"target\":[\"https:\\\/\\\/cuonglongglass.vn\\\/san-pham\\\/kinh-phan-quang\\\/\"]}]},{\"@type\":\"ImageObject\",\"inLanguage\":\"en-US\",\"@id\":\"https:\\\/\\\/cuonglongglass.vn\\\/san-pham\\\/kinh-phan-quang\\\/#primaryimage\",\"url\":\"https:\\\/\\\/cuonglongglass.vn\\\/wp-content\\\/uploads\\\/2021\\\/10\\\/kinh-phan-quang.jpg\",\"contentUrl\":\"https:\\\/\\\/cuonglongglass.vn\\\/wp-content\\\/uploads\\\/2021\\\/10\\\/kinh-phan-quang.jpg\",\"width\":900,\"height\":600},{\"@type\":\"BreadcrumbList\",\"@id\":\"https:\\\/\\\/cuonglongglass.vn\\\/san-pham\\\/kinh-phan-quang\\\/#breadcrumb\",\"itemListElement\":[{\"@type\":\"ListItem\",\"position\":1,\"name\":\"Trang ch\u1ee7\",\"item\":\"https:\\\/\\\/cuonglongglass.vn\\\/\"},{\"@type\":\"ListItem\",\"position\":2,\"name\":\"S\u1ea3n ph\u1ea9m\",\"item\":\"https:\\\/\\\/cuonglongglass.vn\\\/shop\\\/\"},{\"@type\":\"ListItem\",\"position\":3,\"name\":\"K\u00ednh Ph\u1ea3n Quang\"}]},{\"@type\":\"WebSite\",\"@id\":\"https:\\\/\\\/cuonglongglass.vn\\\/#website\",\"url\":\"https:\\\/\\\/cuonglongglass.vn\\\/\",\"name\":\"Cuong Long Glass Company\",\"description\":\"Cung c\u1ea5p c\u00e1c gi\u1ea3i ph\u00e1p v\u1ec1 k\u00ednh\",\"publisher\":{\"@id\":\"https:\\\/\\\/cuonglongglass.vn\\\/#organization\"},\"potentialAction\":[{\"@type\":\"SearchAction\",\"target\":{\"@type\":\"EntryPoint\",\"urlTemplate\":\"https:\\\/\\\/cuonglongglass.vn\\\/?s={search_term_string}\"},\"query-input\":{\"@type\":\"PropertyValueSpecification\",\"valueRequired\":true,\"valueName\":\"search_term_string\"}}],\"inLanguage\":\"en-US\"},{\"@type\":\"Organization\",\"@id\":\"https:\\\/\\\/cuonglongglass.vn\\\/#organization\",\"name\":\"C\u01b0\u1eddng Long Glass\",\"url\":\"https:\\\/\\\/cuonglongglass.vn\\\/\",\"logo\":{\"@type\":\"ImageObject\",\"inLanguage\":\"en-US\",\"@id\":\"https:\\\/\\\/cuonglongglass.vn\\\/#\\\/schema\\\/logo\\\/image\\\/\",\"url\":\"https:\\\/\\\/cuonglongglass.vn\\\/wp-content\\\/uploads\\\/2021\\\/05\\\/logo-cuonglong-contact.png\",\"contentUrl\":\"https:\\\/\\\/cuonglongglass.vn\\\/wp-content\\\/uploads\\\/2021\\\/05\\\/logo-cuonglong-contact.png\",\"width\":500,\"height\":115,\"caption\":\"C\u01b0\u1eddng Long Glass\"},\"image\":{\"@id\":\"https:\\\/\\\/cuonglongglass.vn\\\/#\\\/schema\\\/logo\\\/image\\\/\"}}]}<\/script>\n<!-- \/ Yoast SEO plugin. -->","yoast_head_json":{"title":"Reflective Glass - Cuong Long Glass Company","robots":{"index":"index","follow":"follow","max-snippet":"max-snippet:-1","max-image-preview":"max-image-preview:large","max-video-preview":"max-video-preview:-1"},"canonical":"https:\/\/cuonglongglass.vn\/san-pham\/kinh-phan-quang\/","og_locale":"en_US","og_type":"article","og_title":"Reflective Glass - Cuong Long Glass Company","og_description":"(Ti\u1ebfng Vi\u1ec7t) K\u00ednh ph\u1ea3n quang \u0111\u01b0\u1ee3c bi\u1ebft \u0111\u1ebfn l\u00e0 lo\u1ea1i k\u00ednh \u0111\u01b0\u1ee3c ph\u1ee7 l\u00ean tr\u00ean b\u1ec1 m\u1eb7t c\u1ee7a t\u1ea5m k\u00ednh m\u1ed9t lo\u1ea1i h\u00f3a ch\u1ea5t \u0111\u1eb7c bi\u1ec7t v\u00e0 c\u00f3 t\u00ednh n\u0103ng ph\u1ea3n x\u1ea1 \u00e1nh s\u00e1ng","og_url":"https:\/\/cuonglongglass.vn\/san-pham\/kinh-phan-quang\/","og_site_name":"Cuong Long Glass Company","article_modified_time":"2021-10-19T04:19:00+00:00","og_image":[{"width":900,"height":600,"url":"https:\/\/cuonglongglass.vn\/wp-content\/uploads\/2021\/10\/kinh-phan-quang.jpg","type":"image\/jpeg"}],"twitter_card":"summary_large_image","twitter_misc":{"Est. reading time":"4 minutes"},"schema":{"@context":"https:\/\/schema.org","@graph":[{"@type":"WebPage","@id":"https:\/\/cuonglongglass.vn\/san-pham\/kinh-phan-quang\/","url":"https:\/\/cuonglongglass.vn\/san-pham\/kinh-phan-quang\/","name":"[:vi]K\u00ednh Ph\u1ea3n Quang[:en]Reflective Glass[:] - Cuong Long Glass Company","isPartOf":{"@id":"https:\/\/cuonglongglass.vn\/#website"},"primaryImageOfPage":{"@id":"https:\/\/cuonglongglass.vn\/san-pham\/kinh-phan-quang\/#primaryimage"},"image":{"@id":"https:\/\/cuonglongglass.vn\/san-pham\/kinh-phan-quang\/#primaryimage"},"thumbnailUrl":"https:\/\/cuonglongglass.vn\/wp-content\/uploads\/2021\/10\/kinh-phan-quang.jpg","datePublished":"2021-10-05T14:07:56+00:00","dateModified":"2021-10-19T04:19:00+00:00","breadcrumb":{"@id":"https:\/\/cuonglongglass.vn\/san-pham\/kinh-phan-quang\/#breadcrumb"},"inLanguage":"en-US","potentialAction":[{"@type":"ReadAction","target":["https:\/\/cuonglongglass.vn\/san-pham\/kinh-phan-quang\/"]}]},{"@type":"ImageObject","inLanguage":"en-US","@id":"https:\/\/cuonglongglass.vn\/san-pham\/kinh-phan-quang\/#primaryimage","url":"https:\/\/cuonglongglass.vn\/wp-content\/uploads\/2021\/10\/kinh-phan-quang.jpg","contentUrl":"https:\/\/cuonglongglass.vn\/wp-content\/uploads\/2021\/10\/kinh-phan-quang.jpg","width":900,"height":600},{"@type":"BreadcrumbList","@id":"https:\/\/cuonglongglass.vn\/san-pham\/kinh-phan-quang\/#breadcrumb","itemListElement":[{"@type":"ListItem","position":1,"name":"Trang ch\u1ee7","item":"https:\/\/cuonglongglass.vn\/"},{"@type":"ListItem","position":2,"name":"S\u1ea3n ph\u1ea9m","item":"https:\/\/cuonglongglass.vn\/shop\/"},{"@type":"ListItem","position":3,"name":"K\u00ednh Ph\u1ea3n Quang"}]},{"@type":"WebSite","@id":"https:\/\/cuonglongglass.vn\/#website","url":"https:\/\/cuonglongglass.vn\/","name":"Cuong Long Glass Company","description":"Cung c\u1ea5p c\u00e1c gi\u1ea3i ph\u00e1p v\u1ec1 k\u00ednh","publisher":{"@id":"https:\/\/cuonglongglass.vn\/#organization"},"potentialAction":[{"@type":"SearchAction","target":{"@type":"EntryPoint","urlTemplate":"https:\/\/cuonglongglass.vn\/?s={search_term_string}"},"query-input":{"@type":"PropertyValueSpecification","valueRequired":true,"valueName":"search_term_string"}}],"inLanguage":"en-US"},{"@type":"Organization","@id":"https:\/\/cuonglongglass.vn\/#organization","name":"C\u01b0\u1eddng Long Glass","url":"https:\/\/cuonglongglass.vn\/","logo":{"@type":"ImageObject","inLanguage":"en-US","@id":"https:\/\/cuonglongglass.vn\/#\/schema\/logo\/image\/","url":"https:\/\/cuonglongglass.vn\/wp-content\/uploads\/2021\/05\/logo-cuonglong-contact.png","contentUrl":"https:\/\/cuonglongglass.vn\/wp-content\/uploads\/2021\/05\/logo-cuonglong-contact.png","width":500,"height":115,"caption":"C\u01b0\u1eddng Long Glass"},"image":{"@id":"https:\/\/cuonglongglass.vn\/#\/schema\/logo\/image\/"}}]}},"_links":{"self":[{"href":"https:\/\/cuonglongglass.vn\/en\/wp-json\/wp\/v2\/product\/727","targetHints":{"allow":["GET"]}}],"collection":[{"href":"https:\/\/cuonglongglass.vn\/en\/wp-json\/wp\/v2\/product"}],"about":[{"href":"https:\/\/cuonglongglass.vn\/en\/wp-json\/wp\/v2\/types\/product"}],"wp:featuredmedia":[{"embeddable":true,"href":"https:\/\/cuonglongglass.vn\/en\/wp-json\/wp\/v2\/media\/799"}],"wp:attachment":[{"href":"https:\/\/cuonglongglass.vn\/en\/wp-json\/wp\/v2\/media?parent=727"}],"wp:term":[{"taxonomy":"product_brand","embeddable":true,"href":"https:\/\/cuonglongglass.vn\/en\/wp-json\/wp\/v2\/product_brand?post=727"},{"taxonomy":"product_cat","embeddable":true,"href":"https:\/\/cuonglongglass.vn\/en\/wp-json\/wp\/v2\/product_cat?post=727"},{"taxonomy":"product_tag","embeddable":true,"href":"https:\/\/cuonglongglass.vn\/en\/wp-json\/wp\/v2\/product_tag?post=727"}],"curies":[{"name":"wp","href":"https:\/\/api.w.org\/{rel}","templated":true}]}}