{"id":656,"date":"2021-10-04T16:00:17","date_gmt":"2021-10-04T09:00:17","guid":{"rendered":"https:\/\/cuonglongglass.vn\/?post_type=product&#038;p=656"},"modified":"2022-03-17T21:26:23","modified_gmt":"2022-03-17T14:26:23","slug":"kinh-hop-cach-am-cach-nhiet","status":"publish","type":"product","link":"https:\/\/cuonglongglass.vn\/en\/san-pham\/kinh-hop-cach-am-cach-nhiet\/","title":{"rendered":"Glass Box Soundproof &#038; Insulation"},"content":{"rendered":"Soundproof &#8211; Insulation Glass is assembled from two, three or more layers of glass together, between the glass panels are voids filled with over 90% Argon gas, surrounded by an aluminum bar, also known as a pumped bar. moisture-proof beads to ensure the complete absorption of the remaining percentage of water in the air during the Argon gas injection process, in addition to a specialized two-component silicone layer to adhere the aluminum bar and glass layers, while creating a high degree of moisture resistance. Absolutely sealed to prevent air from the outside environment from penetrating into the voids between the glass layers.<\/p>\n<p><img loading=\"lazy\" decoding=\"async\" src=\"https:\/\/cuonglongglass.vn\/wp-content\/uploads\/2021\/10\/kinh-hop-cach-am-cach-nhiet.png\" alt=\"\" width=\"800\" height=\"800\" class=\"aligncenter size-full wp-image-1135\" srcset=\"https:\/\/cuonglongglass.vn\/wp-content\/uploads\/2021\/10\/kinh-hop-cach-am-cach-nhiet.png 800w, https:\/\/cuonglongglass.vn\/wp-content\/uploads\/2021\/10\/kinh-hop-cach-am-cach-nhiet-450x450.png 450w, https:\/\/cuonglongglass.vn\/wp-content\/uploads\/2021\/10\/kinh-hop-cach-am-cach-nhiet-300x300.png 300w, https:\/\/cuonglongglass.vn\/wp-content\/uploads\/2021\/10\/kinh-hop-cach-am-cach-nhiet-768x768.png 768w, https:\/\/cuonglongglass.vn\/wp-content\/uploads\/2021\/10\/kinh-hop-cach-am-cach-nhiet-100x100.png 100w\" sizes=\"auto, (max-width: 800px) 100vw, 800px\" \/><\/p>\n<p>Soundproof glass &#8211; Insulation of Cuong Long Glass is produced on a closed line according to European technology. From glass washing, drying, shaping the aluminum bar, injecting more than 90% Argon gas to push the air out of the environment to the specialized two-component silicone sealant pump between the two glass panels is operated. on a modern automatic production line by Robot, producing products of very high quality and aesthetics. In addition, with superior technology, Cuong Long Glass&#8217;s boxed glass production line also produces special products including two hollow layers of soundproofing &#8211; insulation combined with three layers of glass, two-layer glass products of different sizes. (Large plate &#8211; small plate) to meet the standard aluminum construction systems.<\/p>\n<p>Depending on the needs of using Soundproof Glass &#8211; Insulation is combined from ordinary Glass panels, Tempered safety glass, Laminated safety glass, Solar Control energy saving glass, Reflective glass, Lowe glass etc. to ensure Sound Insulation \u2013 The best insulation for Vietnam&#8217;s environmental conditions.<\/p>\n<p><img loading=\"lazy\" decoding=\"async\" class=\"alignnone wp-image-665 size-full\" src=\"http:\/\/cuonglongglass.vn\/wp-content\/uploads\/2021\/10\/kinhhop3.jpg\" alt=\"\" width=\"900\" height=\"500\" srcset=\"https:\/\/cuonglongglass.vn\/wp-content\/uploads\/2021\/10\/kinhhop3.jpg 900w, https:\/\/cuonglongglass.vn\/wp-content\/uploads\/2021\/10\/kinhhop3-450x250.jpg 450w, https:\/\/cuonglongglass.vn\/wp-content\/uploads\/2021\/10\/kinhhop3-768x427.jpg 768w\" sizes=\"auto, (max-width: 900px) 100vw, 900px\" \/>","protected":false},"excerpt":{"rendered":"<p>Soundproof &#8211; Insulation Glass is assembled from two, three or more layers of glass together, between the glass panels are voids filled with over 90% Argon gas<\/p>\n","protected":false},"featured_media":657,"template":"","meta":{"_acf_changed":false},"product_brand":[],"product_cat":[15],"product_tag":[],"class_list":{"0":"post-656","1":"product","2":"type-product","3":"status-publish","4":"has-post-thumbnail","6":"product_cat-san-pham","8":"first","9":"instock","10":"featured","11":"shipping-taxable","12":"product-type-simple"},"acf":[],"yoast_head":"<!-- This site is optimized with the Yoast SEO plugin v27.6 - https:\/\/yoast.com\/product\/yoast-seo-wordpress\/ -->\n<title>Glass Box Soundproof &amp; Insulation - Cuong Long Glass Company<\/title>\n<meta name=\"robots\" content=\"index, follow, max-snippet:-1, max-image-preview:large, max-video-preview:-1\" \/>\n<link rel=\"canonical\" href=\"https:\/\/cuonglongglass.vn\/san-pham\/kinh-hop-cach-am-cach-nhiet\/\" \/>\n<meta property=\"og:locale\" content=\"en_US\" \/>\n<meta property=\"og:type\" content=\"article\" \/>\n<meta property=\"og:title\" content=\"Glass Box Soundproof &amp; Insulation - Cuong Long Glass Company\" \/>\n<meta property=\"og:description\" content=\"Soundproof - Insulation Glass is assembled from two, three or more layers of glass together, between the glass panels are voids filled with over 90% Argon gas\" \/>\n<meta property=\"og:url\" content=\"https:\/\/cuonglongglass.vn\/san-pham\/kinh-hop-cach-am-cach-nhiet\/\" \/>\n<meta property=\"og:site_name\" content=\"Cuong Long Glass Company\" \/>\n<meta property=\"article:modified_time\" content=\"2022-03-17T14:26:23+00:00\" \/>\n<meta property=\"og:image\" content=\"https:\/\/cuonglongglass.vn\/wp-content\/uploads\/2021\/10\/kinhhop2.jpg\" \/>\n\t<meta property=\"og:image:width\" content=\"900\" \/>\n\t<meta property=\"og:image:height\" content=\"600\" \/>\n\t<meta property=\"og:image:type\" content=\"image\/jpeg\" \/>\n<meta name=\"twitter:card\" content=\"summary_large_image\" \/>\n<meta name=\"twitter:label1\" content=\"Est. reading time\" \/>\n\t<meta name=\"twitter:data1\" content=\"4 minutes\" \/>\n<script type=\"application\/ld+json\" class=\"yoast-schema-graph\">{\"@context\":\"https:\\\/\\\/schema.org\",\"@graph\":[{\"@type\":\"WebPage\",\"@id\":\"https:\\\/\\\/cuonglongglass.vn\\\/san-pham\\\/kinh-hop-cach-am-cach-nhiet\\\/\",\"url\":\"https:\\\/\\\/cuonglongglass.vn\\\/san-pham\\\/kinh-hop-cach-am-cach-nhiet\\\/\",\"name\":\"[:vi]K\u00ednh H\u1ed9p C\u00e1ch \u00c2m & C\u00e1ch Nhi\u1ec7t[:en]Glass Box Soundproof & Insulation[:] - Cuong Long Glass Company\",\"isPartOf\":{\"@id\":\"https:\\\/\\\/cuonglongglass.vn\\\/#website\"},\"primaryImageOfPage\":{\"@id\":\"https:\\\/\\\/cuonglongglass.vn\\\/san-pham\\\/kinh-hop-cach-am-cach-nhiet\\\/#primaryimage\"},\"image\":{\"@id\":\"https:\\\/\\\/cuonglongglass.vn\\\/san-pham\\\/kinh-hop-cach-am-cach-nhiet\\\/#primaryimage\"},\"thumbnailUrl\":\"https:\\\/\\\/cuonglongglass.vn\\\/wp-content\\\/uploads\\\/2021\\\/10\\\/kinhhop2.jpg\",\"datePublished\":\"2021-10-04T09:00:17+00:00\",\"dateModified\":\"2022-03-17T14:26:23+00:00\",\"breadcrumb\":{\"@id\":\"https:\\\/\\\/cuonglongglass.vn\\\/san-pham\\\/kinh-hop-cach-am-cach-nhiet\\\/#breadcrumb\"},\"inLanguage\":\"en-US\",\"potentialAction\":[{\"@type\":\"ReadAction\",\"target\":[\"https:\\\/\\\/cuonglongglass.vn\\\/san-pham\\\/kinh-hop-cach-am-cach-nhiet\\\/\"]}]},{\"@type\":\"ImageObject\",\"inLanguage\":\"en-US\",\"@id\":\"https:\\\/\\\/cuonglongglass.vn\\\/san-pham\\\/kinh-hop-cach-am-cach-nhiet\\\/#primaryimage\",\"url\":\"https:\\\/\\\/cuonglongglass.vn\\\/wp-content\\\/uploads\\\/2021\\\/10\\\/kinhhop2.jpg\",\"contentUrl\":\"https:\\\/\\\/cuonglongglass.vn\\\/wp-content\\\/uploads\\\/2021\\\/10\\\/kinhhop2.jpg\",\"width\":900,\"height\":600},{\"@type\":\"BreadcrumbList\",\"@id\":\"https:\\\/\\\/cuonglongglass.vn\\\/san-pham\\\/kinh-hop-cach-am-cach-nhiet\\\/#breadcrumb\",\"itemListElement\":[{\"@type\":\"ListItem\",\"position\":1,\"name\":\"Trang ch\u1ee7\",\"item\":\"https:\\\/\\\/cuonglongglass.vn\\\/\"},{\"@type\":\"ListItem\",\"position\":2,\"name\":\"S\u1ea3n ph\u1ea9m\",\"item\":\"https:\\\/\\\/cuonglongglass.vn\\\/shop\\\/\"},{\"@type\":\"ListItem\",\"position\":3,\"name\":\"K\u00ednh H\u1ed9p C\u00e1ch \u00c2m &#038; C\u00e1ch Nhi\u1ec7t\"}]},{\"@type\":\"WebSite\",\"@id\":\"https:\\\/\\\/cuonglongglass.vn\\\/#website\",\"url\":\"https:\\\/\\\/cuonglongglass.vn\\\/\",\"name\":\"Cuong Long Glass Company\",\"description\":\"Cung c\u1ea5p c\u00e1c gi\u1ea3i ph\u00e1p v\u1ec1 k\u00ednh\",\"publisher\":{\"@id\":\"https:\\\/\\\/cuonglongglass.vn\\\/#organization\"},\"potentialAction\":[{\"@type\":\"SearchAction\",\"target\":{\"@type\":\"EntryPoint\",\"urlTemplate\":\"https:\\\/\\\/cuonglongglass.vn\\\/?s={search_term_string}\"},\"query-input\":{\"@type\":\"PropertyValueSpecification\",\"valueRequired\":true,\"valueName\":\"search_term_string\"}}],\"inLanguage\":\"en-US\"},{\"@type\":\"Organization\",\"@id\":\"https:\\\/\\\/cuonglongglass.vn\\\/#organization\",\"name\":\"C\u01b0\u1eddng Long Glass\",\"url\":\"https:\\\/\\\/cuonglongglass.vn\\\/\",\"logo\":{\"@type\":\"ImageObject\",\"inLanguage\":\"en-US\",\"@id\":\"https:\\\/\\\/cuonglongglass.vn\\\/#\\\/schema\\\/logo\\\/image\\\/\",\"url\":\"https:\\\/\\\/cuonglongglass.vn\\\/wp-content\\\/uploads\\\/2021\\\/05\\\/logo-cuonglong-contact.png\",\"contentUrl\":\"https:\\\/\\\/cuonglongglass.vn\\\/wp-content\\\/uploads\\\/2021\\\/05\\\/logo-cuonglong-contact.png\",\"width\":500,\"height\":115,\"caption\":\"C\u01b0\u1eddng Long Glass\"},\"image\":{\"@id\":\"https:\\\/\\\/cuonglongglass.vn\\\/#\\\/schema\\\/logo\\\/image\\\/\"}}]}<\/script>\n<!-- \/ Yoast SEO plugin. -->","yoast_head_json":{"title":"Glass Box Soundproof & Insulation - Cuong Long Glass Company","robots":{"index":"index","follow":"follow","max-snippet":"max-snippet:-1","max-image-preview":"max-image-preview:large","max-video-preview":"max-video-preview:-1"},"canonical":"https:\/\/cuonglongglass.vn\/san-pham\/kinh-hop-cach-am-cach-nhiet\/","og_locale":"en_US","og_type":"article","og_title":"Glass Box Soundproof & Insulation - Cuong Long Glass Company","og_description":"Soundproof - Insulation Glass is assembled from two, three or more layers of glass together, between the glass panels are voids filled with over 90% Argon gas","og_url":"https:\/\/cuonglongglass.vn\/san-pham\/kinh-hop-cach-am-cach-nhiet\/","og_site_name":"Cuong Long Glass Company","article_modified_time":"2022-03-17T14:26:23+00:00","og_image":[{"width":900,"height":600,"url":"https:\/\/cuonglongglass.vn\/wp-content\/uploads\/2021\/10\/kinhhop2.jpg","type":"image\/jpeg"}],"twitter_card":"summary_large_image","twitter_misc":{"Est. reading time":"4 minutes"},"schema":{"@context":"https:\/\/schema.org","@graph":[{"@type":"WebPage","@id":"https:\/\/cuonglongglass.vn\/san-pham\/kinh-hop-cach-am-cach-nhiet\/","url":"https:\/\/cuonglongglass.vn\/san-pham\/kinh-hop-cach-am-cach-nhiet\/","name":"[:vi]K\u00ednh H\u1ed9p C\u00e1ch \u00c2m & C\u00e1ch Nhi\u1ec7t[:en]Glass Box Soundproof & Insulation[:] - Cuong Long Glass Company","isPartOf":{"@id":"https:\/\/cuonglongglass.vn\/#website"},"primaryImageOfPage":{"@id":"https:\/\/cuonglongglass.vn\/san-pham\/kinh-hop-cach-am-cach-nhiet\/#primaryimage"},"image":{"@id":"https:\/\/cuonglongglass.vn\/san-pham\/kinh-hop-cach-am-cach-nhiet\/#primaryimage"},"thumbnailUrl":"https:\/\/cuonglongglass.vn\/wp-content\/uploads\/2021\/10\/kinhhop2.jpg","datePublished":"2021-10-04T09:00:17+00:00","dateModified":"2022-03-17T14:26:23+00:00","breadcrumb":{"@id":"https:\/\/cuonglongglass.vn\/san-pham\/kinh-hop-cach-am-cach-nhiet\/#breadcrumb"},"inLanguage":"en-US","potentialAction":[{"@type":"ReadAction","target":["https:\/\/cuonglongglass.vn\/san-pham\/kinh-hop-cach-am-cach-nhiet\/"]}]},{"@type":"ImageObject","inLanguage":"en-US","@id":"https:\/\/cuonglongglass.vn\/san-pham\/kinh-hop-cach-am-cach-nhiet\/#primaryimage","url":"https:\/\/cuonglongglass.vn\/wp-content\/uploads\/2021\/10\/kinhhop2.jpg","contentUrl":"https:\/\/cuonglongglass.vn\/wp-content\/uploads\/2021\/10\/kinhhop2.jpg","width":900,"height":600},{"@type":"BreadcrumbList","@id":"https:\/\/cuonglongglass.vn\/san-pham\/kinh-hop-cach-am-cach-nhiet\/#breadcrumb","itemListElement":[{"@type":"ListItem","position":1,"name":"Trang ch\u1ee7","item":"https:\/\/cuonglongglass.vn\/"},{"@type":"ListItem","position":2,"name":"S\u1ea3n ph\u1ea9m","item":"https:\/\/cuonglongglass.vn\/shop\/"},{"@type":"ListItem","position":3,"name":"K\u00ednh H\u1ed9p C\u00e1ch \u00c2m &#038; C\u00e1ch Nhi\u1ec7t"}]},{"@type":"WebSite","@id":"https:\/\/cuonglongglass.vn\/#website","url":"https:\/\/cuonglongglass.vn\/","name":"Cuong Long Glass Company","description":"Cung c\u1ea5p c\u00e1c gi\u1ea3i ph\u00e1p v\u1ec1 k\u00ednh","publisher":{"@id":"https:\/\/cuonglongglass.vn\/#organization"},"potentialAction":[{"@type":"SearchAction","target":{"@type":"EntryPoint","urlTemplate":"https:\/\/cuonglongglass.vn\/?s={search_term_string}"},"query-input":{"@type":"PropertyValueSpecification","valueRequired":true,"valueName":"search_term_string"}}],"inLanguage":"en-US"},{"@type":"Organization","@id":"https:\/\/cuonglongglass.vn\/#organization","name":"C\u01b0\u1eddng Long Glass","url":"https:\/\/cuonglongglass.vn\/","logo":{"@type":"ImageObject","inLanguage":"en-US","@id":"https:\/\/cuonglongglass.vn\/#\/schema\/logo\/image\/","url":"https:\/\/cuonglongglass.vn\/wp-content\/uploads\/2021\/05\/logo-cuonglong-contact.png","contentUrl":"https:\/\/cuonglongglass.vn\/wp-content\/uploads\/2021\/05\/logo-cuonglong-contact.png","width":500,"height":115,"caption":"C\u01b0\u1eddng Long Glass"},"image":{"@id":"https:\/\/cuonglongglass.vn\/#\/schema\/logo\/image\/"}}]}},"_links":{"self":[{"href":"https:\/\/cuonglongglass.vn\/en\/wp-json\/wp\/v2\/product\/656","targetHints":{"allow":["GET"]}}],"collection":[{"href":"https:\/\/cuonglongglass.vn\/en\/wp-json\/wp\/v2\/product"}],"about":[{"href":"https:\/\/cuonglongglass.vn\/en\/wp-json\/wp\/v2\/types\/product"}],"wp:featuredmedia":[{"embeddable":true,"href":"https:\/\/cuonglongglass.vn\/en\/wp-json\/wp\/v2\/media\/657"}],"wp:attachment":[{"href":"https:\/\/cuonglongglass.vn\/en\/wp-json\/wp\/v2\/media?parent=656"}],"wp:term":[{"taxonomy":"product_brand","embeddable":true,"href":"https:\/\/cuonglongglass.vn\/en\/wp-json\/wp\/v2\/product_brand?post=656"},{"taxonomy":"product_cat","embeddable":true,"href":"https:\/\/cuonglongglass.vn\/en\/wp-json\/wp\/v2\/product_cat?post=656"},{"taxonomy":"product_tag","embeddable":true,"href":"https:\/\/cuonglongglass.vn\/en\/wp-json\/wp\/v2\/product_tag?post=656"}],"curies":[{"name":"wp","href":"https:\/\/api.w.org\/{rel}","templated":true}]}}