{"id":465,"date":"2021-05-19T11:48:43","date_gmt":"2021-05-19T04:48:43","guid":{"rendered":"http:\/\/cuonglongglass.vn\/?post_type=product&#038;p=465"},"modified":"2022-03-17T21:25:57","modified_gmt":"2022-03-17T14:25:57","slug":"kinh-ghep-an-toan","status":"publish","type":"product","link":"https:\/\/cuonglongglass.vn\/en\/san-pham\/kinh-ghep-an-toan\/","title":{"rendered":"Laminated Safety Glass"},"content":{"rendered":"Depending to demands, laminated safety glass are transplanted from 2 or more platted glasses together (including temper glasses), jointed by PVB film sealants (clear films, colored films, decorated films, etc. with film thickness of 0.38mm, 0.76mm, 1.14mm, 1.52mm) to have adhense between glass layers. With soft characteristics of PVB film layers, laminated safety glass enable minimizing noise from external environment and ultraviolet from sunlight projection through. Besides, with multi-layer laminated safety glass can replace for hard materials. to prevent thieves, bulletproof, etc.<\/p>\n<p>With very safe features, laminated safety glass have been use much on high-rise buildings, front elevations, glass partitions, light transparencies, vertical toilet,&#8230;<\/p>\n<div class=\"row\"  id=\"row-957819675\">\n\n\t<div id=\"col-256721490\" class=\"col medium-1\/2 large-6\"  >\n\t\t\t\t<div class=\"col-inner\"  >\n\t\t\t\n\t\t\t\n<p><img loading=\"lazy\" decoding=\"async\" class=\"wp-image-751 size-full\" src=\"https:\/\/cuonglongglass.vn\/wp-content\/uploads\/2021\/05\/kinhdan-1.jpg\" alt=\"\" width=\"600\" height=\"600\" srcset=\"https:\/\/cuonglongglass.vn\/wp-content\/uploads\/2021\/05\/kinhdan-1.jpg 600w, https:\/\/cuonglongglass.vn\/wp-content\/uploads\/2021\/05\/kinhdan-1-100x100.jpg 100w, https:\/\/cuonglongglass.vn\/wp-content\/uploads\/2021\/05\/kinhdan-1-450x450.jpg 450w, https:\/\/cuonglongglass.vn\/wp-content\/uploads\/2021\/05\/kinhdan-1-300x300.jpg 300w\" sizes=\"auto, (max-width: 600px) 100vw, 600px\" \/><br \/>\n\t\t<\/div>\n\t\t\t\t\t<\/div>\n\n\t\n\n\t<div id=\"col-2128165630\" class=\"col medium-1\/2 large-6\"  >\n\t\t\t\t<div class=\"col-inner\"  >\n\t\t\t\n\t\t\t\n<p>]<img loading=\"lazy\" decoding=\"async\" class=\"size-full wp-image-752\" src=\"https:\/\/cuonglongglass.vn\/wp-content\/uploads\/2021\/05\/kinhdan-2.jpg\" alt=\"\" width=\"600\" height=\"600\" srcset=\"https:\/\/cuonglongglass.vn\/wp-content\/uploads\/2021\/05\/kinhdan-2.jpg 600w, https:\/\/cuonglongglass.vn\/wp-content\/uploads\/2021\/05\/kinhdan-2-100x100.jpg 100w, https:\/\/cuonglongglass.vn\/wp-content\/uploads\/2021\/05\/kinhdan-2-450x450.jpg 450w, https:\/\/cuonglongglass.vn\/wp-content\/uploads\/2021\/05\/kinhdan-2-300x300.jpg 300w\" sizes=\"auto, (max-width: 600px) 100vw, 600px\" \/><\/p>\n\t\t<\/div>\n\t\t\t\t\t<\/div>\n\n\t\n<\/div>","protected":false},"excerpt":{"rendered":"<p>Laminated safety glass enable minimizing noise from external environment and ultraviolet from sunlight projection through, can replace for hard materials to prevent thieves, bulletproof, etc.<\/p>\n","protected":false},"featured_media":466,"template":"","meta":{"_acf_changed":false},"product_brand":[],"product_cat":[15],"product_tag":[],"class_list":{"0":"post-465","1":"product","2":"type-product","3":"status-publish","4":"has-post-thumbnail","6":"product_cat-san-pham","8":"first","9":"instock","10":"shipping-taxable","11":"product-type-simple"},"acf":[],"yoast_head":"<!-- This site is optimized with the Yoast SEO plugin v27.5 - https:\/\/yoast.com\/product\/yoast-seo-wordpress\/ -->\n<title>Laminated Safety Glass - Cuong Long Glass Company<\/title>\n<meta name=\"robots\" content=\"index, follow, max-snippet:-1, max-image-preview:large, max-video-preview:-1\" \/>\n<link rel=\"canonical\" href=\"https:\/\/cuonglongglass.vn\/san-pham\/kinh-ghep-an-toan\/\" \/>\n<meta property=\"og:locale\" content=\"en_US\" \/>\n<meta property=\"og:type\" content=\"article\" \/>\n<meta property=\"og:title\" content=\"Laminated Safety Glass - Cuong Long Glass Company\" \/>\n<meta property=\"og:description\" content=\"Laminated safety glass enable minimizing noise from external environment and ultraviolet from sunlight projection through, can replace for hard materials to prevent thieves, bulletproof, etc.\" \/>\n<meta property=\"og:url\" content=\"https:\/\/cuonglongglass.vn\/san-pham\/kinh-ghep-an-toan\/\" \/>\n<meta property=\"og:site_name\" content=\"Cuong Long Glass Company\" \/>\n<meta property=\"article:modified_time\" content=\"2022-03-17T14:25:57+00:00\" \/>\n<meta property=\"og:image\" content=\"https:\/\/cuonglongglass.vn\/wp-content\/uploads\/2021\/05\/kinh-ghep-keo.jpg\" \/>\n\t<meta property=\"og:image:width\" content=\"1160\" \/>\n\t<meta property=\"og:image:height\" content=\"870\" \/>\n\t<meta property=\"og:image:type\" content=\"image\/jpeg\" \/>\n<meta name=\"twitter:card\" content=\"summary_large_image\" \/>\n<meta name=\"twitter:label1\" content=\"Est. reading time\" \/>\n\t<meta name=\"twitter:data1\" content=\"2 minutes\" \/>\n<script type=\"application\/ld+json\" class=\"yoast-schema-graph\">{\"@context\":\"https:\\\/\\\/schema.org\",\"@graph\":[{\"@type\":\"WebPage\",\"@id\":\"https:\\\/\\\/cuonglongglass.vn\\\/san-pham\\\/kinh-ghep-an-toan\\\/\",\"url\":\"https:\\\/\\\/cuonglongglass.vn\\\/san-pham\\\/kinh-ghep-an-toan\\\/\",\"name\":\"[:vi]K\u00ednh Gh\u00e9p An To\u00e0n[:en]Laminated Safety Glass[:] - Cuong Long Glass Company\",\"isPartOf\":{\"@id\":\"https:\\\/\\\/cuonglongglass.vn\\\/#website\"},\"primaryImageOfPage\":{\"@id\":\"https:\\\/\\\/cuonglongglass.vn\\\/san-pham\\\/kinh-ghep-an-toan\\\/#primaryimage\"},\"image\":{\"@id\":\"https:\\\/\\\/cuonglongglass.vn\\\/san-pham\\\/kinh-ghep-an-toan\\\/#primaryimage\"},\"thumbnailUrl\":\"https:\\\/\\\/cuonglongglass.vn\\\/wp-content\\\/uploads\\\/2021\\\/05\\\/kinh-ghep-keo.jpg\",\"datePublished\":\"2021-05-19T04:48:43+00:00\",\"dateModified\":\"2022-03-17T14:25:57+00:00\",\"breadcrumb\":{\"@id\":\"https:\\\/\\\/cuonglongglass.vn\\\/san-pham\\\/kinh-ghep-an-toan\\\/#breadcrumb\"},\"inLanguage\":\"en-US\",\"potentialAction\":[{\"@type\":\"ReadAction\",\"target\":[\"https:\\\/\\\/cuonglongglass.vn\\\/san-pham\\\/kinh-ghep-an-toan\\\/\"]}]},{\"@type\":\"ImageObject\",\"inLanguage\":\"en-US\",\"@id\":\"https:\\\/\\\/cuonglongglass.vn\\\/san-pham\\\/kinh-ghep-an-toan\\\/#primaryimage\",\"url\":\"https:\\\/\\\/cuonglongglass.vn\\\/wp-content\\\/uploads\\\/2021\\\/05\\\/kinh-ghep-keo.jpg\",\"contentUrl\":\"https:\\\/\\\/cuonglongglass.vn\\\/wp-content\\\/uploads\\\/2021\\\/05\\\/kinh-ghep-keo.jpg\",\"width\":1160,\"height\":870},{\"@type\":\"BreadcrumbList\",\"@id\":\"https:\\\/\\\/cuonglongglass.vn\\\/san-pham\\\/kinh-ghep-an-toan\\\/#breadcrumb\",\"itemListElement\":[{\"@type\":\"ListItem\",\"position\":1,\"name\":\"Trang ch\u1ee7\",\"item\":\"https:\\\/\\\/cuonglongglass.vn\\\/\"},{\"@type\":\"ListItem\",\"position\":2,\"name\":\"S\u1ea3n ph\u1ea9m\",\"item\":\"https:\\\/\\\/cuonglongglass.vn\\\/shop\\\/\"},{\"@type\":\"ListItem\",\"position\":3,\"name\":\"K\u00ednh Gh\u00e9p An To\u00e0n\"}]},{\"@type\":\"WebSite\",\"@id\":\"https:\\\/\\\/cuonglongglass.vn\\\/#website\",\"url\":\"https:\\\/\\\/cuonglongglass.vn\\\/\",\"name\":\"Cuong Long Glass Company\",\"description\":\"Cung c\u1ea5p c\u00e1c gi\u1ea3i ph\u00e1p v\u1ec1 k\u00ednh\",\"publisher\":{\"@id\":\"https:\\\/\\\/cuonglongglass.vn\\\/#organization\"},\"potentialAction\":[{\"@type\":\"SearchAction\",\"target\":{\"@type\":\"EntryPoint\",\"urlTemplate\":\"https:\\\/\\\/cuonglongglass.vn\\\/?s={search_term_string}\"},\"query-input\":{\"@type\":\"PropertyValueSpecification\",\"valueRequired\":true,\"valueName\":\"search_term_string\"}}],\"inLanguage\":\"en-US\"},{\"@type\":\"Organization\",\"@id\":\"https:\\\/\\\/cuonglongglass.vn\\\/#organization\",\"name\":\"C\u01b0\u1eddng Long Glass\",\"url\":\"https:\\\/\\\/cuonglongglass.vn\\\/\",\"logo\":{\"@type\":\"ImageObject\",\"inLanguage\":\"en-US\",\"@id\":\"https:\\\/\\\/cuonglongglass.vn\\\/#\\\/schema\\\/logo\\\/image\\\/\",\"url\":\"https:\\\/\\\/cuonglongglass.vn\\\/wp-content\\\/uploads\\\/2021\\\/05\\\/logo-cuonglong-contact.png\",\"contentUrl\":\"https:\\\/\\\/cuonglongglass.vn\\\/wp-content\\\/uploads\\\/2021\\\/05\\\/logo-cuonglong-contact.png\",\"width\":500,\"height\":115,\"caption\":\"C\u01b0\u1eddng Long Glass\"},\"image\":{\"@id\":\"https:\\\/\\\/cuonglongglass.vn\\\/#\\\/schema\\\/logo\\\/image\\\/\"}}]}<\/script>\n<!-- \/ Yoast SEO plugin. -->","yoast_head_json":{"title":"Laminated Safety Glass - Cuong Long Glass Company","robots":{"index":"index","follow":"follow","max-snippet":"max-snippet:-1","max-image-preview":"max-image-preview:large","max-video-preview":"max-video-preview:-1"},"canonical":"https:\/\/cuonglongglass.vn\/san-pham\/kinh-ghep-an-toan\/","og_locale":"en_US","og_type":"article","og_title":"Laminated Safety Glass - Cuong Long Glass Company","og_description":"Laminated safety glass enable minimizing noise from external environment and ultraviolet from sunlight projection through, can replace for hard materials to prevent thieves, bulletproof, etc.","og_url":"https:\/\/cuonglongglass.vn\/san-pham\/kinh-ghep-an-toan\/","og_site_name":"Cuong Long Glass Company","article_modified_time":"2022-03-17T14:25:57+00:00","og_image":[{"width":1160,"height":870,"url":"https:\/\/cuonglongglass.vn\/wp-content\/uploads\/2021\/05\/kinh-ghep-keo.jpg","type":"image\/jpeg"}],"twitter_card":"summary_large_image","twitter_misc":{"Est. reading time":"2 minutes"},"schema":{"@context":"https:\/\/schema.org","@graph":[{"@type":"WebPage","@id":"https:\/\/cuonglongglass.vn\/san-pham\/kinh-ghep-an-toan\/","url":"https:\/\/cuonglongglass.vn\/san-pham\/kinh-ghep-an-toan\/","name":"[:vi]K\u00ednh Gh\u00e9p An To\u00e0n[:en]Laminated Safety Glass[:] - Cuong Long Glass Company","isPartOf":{"@id":"https:\/\/cuonglongglass.vn\/#website"},"primaryImageOfPage":{"@id":"https:\/\/cuonglongglass.vn\/san-pham\/kinh-ghep-an-toan\/#primaryimage"},"image":{"@id":"https:\/\/cuonglongglass.vn\/san-pham\/kinh-ghep-an-toan\/#primaryimage"},"thumbnailUrl":"https:\/\/cuonglongglass.vn\/wp-content\/uploads\/2021\/05\/kinh-ghep-keo.jpg","datePublished":"2021-05-19T04:48:43+00:00","dateModified":"2022-03-17T14:25:57+00:00","breadcrumb":{"@id":"https:\/\/cuonglongglass.vn\/san-pham\/kinh-ghep-an-toan\/#breadcrumb"},"inLanguage":"en-US","potentialAction":[{"@type":"ReadAction","target":["https:\/\/cuonglongglass.vn\/san-pham\/kinh-ghep-an-toan\/"]}]},{"@type":"ImageObject","inLanguage":"en-US","@id":"https:\/\/cuonglongglass.vn\/san-pham\/kinh-ghep-an-toan\/#primaryimage","url":"https:\/\/cuonglongglass.vn\/wp-content\/uploads\/2021\/05\/kinh-ghep-keo.jpg","contentUrl":"https:\/\/cuonglongglass.vn\/wp-content\/uploads\/2021\/05\/kinh-ghep-keo.jpg","width":1160,"height":870},{"@type":"BreadcrumbList","@id":"https:\/\/cuonglongglass.vn\/san-pham\/kinh-ghep-an-toan\/#breadcrumb","itemListElement":[{"@type":"ListItem","position":1,"name":"Trang ch\u1ee7","item":"https:\/\/cuonglongglass.vn\/"},{"@type":"ListItem","position":2,"name":"S\u1ea3n ph\u1ea9m","item":"https:\/\/cuonglongglass.vn\/shop\/"},{"@type":"ListItem","position":3,"name":"K\u00ednh Gh\u00e9p An To\u00e0n"}]},{"@type":"WebSite","@id":"https:\/\/cuonglongglass.vn\/#website","url":"https:\/\/cuonglongglass.vn\/","name":"Cuong Long Glass Company","description":"Cung c\u1ea5p c\u00e1c gi\u1ea3i ph\u00e1p v\u1ec1 k\u00ednh","publisher":{"@id":"https:\/\/cuonglongglass.vn\/#organization"},"potentialAction":[{"@type":"SearchAction","target":{"@type":"EntryPoint","urlTemplate":"https:\/\/cuonglongglass.vn\/?s={search_term_string}"},"query-input":{"@type":"PropertyValueSpecification","valueRequired":true,"valueName":"search_term_string"}}],"inLanguage":"en-US"},{"@type":"Organization","@id":"https:\/\/cuonglongglass.vn\/#organization","name":"C\u01b0\u1eddng Long Glass","url":"https:\/\/cuonglongglass.vn\/","logo":{"@type":"ImageObject","inLanguage":"en-US","@id":"https:\/\/cuonglongglass.vn\/#\/schema\/logo\/image\/","url":"https:\/\/cuonglongglass.vn\/wp-content\/uploads\/2021\/05\/logo-cuonglong-contact.png","contentUrl":"https:\/\/cuonglongglass.vn\/wp-content\/uploads\/2021\/05\/logo-cuonglong-contact.png","width":500,"height":115,"caption":"C\u01b0\u1eddng Long Glass"},"image":{"@id":"https:\/\/cuonglongglass.vn\/#\/schema\/logo\/image\/"}}]}},"_links":{"self":[{"href":"https:\/\/cuonglongglass.vn\/en\/wp-json\/wp\/v2\/product\/465","targetHints":{"allow":["GET"]}}],"collection":[{"href":"https:\/\/cuonglongglass.vn\/en\/wp-json\/wp\/v2\/product"}],"about":[{"href":"https:\/\/cuonglongglass.vn\/en\/wp-json\/wp\/v2\/types\/product"}],"wp:featuredmedia":[{"embeddable":true,"href":"https:\/\/cuonglongglass.vn\/en\/wp-json\/wp\/v2\/media\/466"}],"wp:attachment":[{"href":"https:\/\/cuonglongglass.vn\/en\/wp-json\/wp\/v2\/media?parent=465"}],"wp:term":[{"taxonomy":"product_brand","embeddable":true,"href":"https:\/\/cuonglongglass.vn\/en\/wp-json\/wp\/v2\/product_brand?post=465"},{"taxonomy":"product_cat","embeddable":true,"href":"https:\/\/cuonglongglass.vn\/en\/wp-json\/wp\/v2\/product_cat?post=465"},{"taxonomy":"product_tag","embeddable":true,"href":"https:\/\/cuonglongglass.vn\/en\/wp-json\/wp\/v2\/product_tag?post=465"}],"curies":[{"name":"wp","href":"https:\/\/api.w.org\/{rel}","templated":true}]}}